{"id":108,"date":"2024-02-22T16:26:40","date_gmt":"2024-02-22T16:26:40","guid":{"rendered":"https:\/\/galoppoktatas.kincsempark.hu\/?page_id=108"},"modified":"2024-02-22T16:26:42","modified_gmt":"2024-02-22T16:26:42","slug":"adminisztracio-loutlevel-kezeles","status":"publish","type":"page","link":"https:\/\/galoppoktatas.kincsempark.hu\/?page_id=108","title":{"rendered":"Adminisztr\u00e1ci\u00f3, l\u00f3\u00fatlev\u00e9l-kezel\u00e9s"},"content":{"rendered":"<a href=\"https:\/\/galoppoktatas.kincsempark.hu\/wp-content\/uploads\/2024\/02\/Loverseny-oktatas-Belley-Marta-2024.pdf\" class=\"pdfemb-viewer\" style=\"\" data-width=\"max\" data-height=\"max\"  data-toolbar=\"bottom\" data-toolbar-fixed=\"off\">Loverseny-oktatas-Belley-Marta-2024<br\/><\/a>\n<p class=\"wp-block-pdfemb-pdf-embedder-viewer\"><\/p>\n\n\n\n<p><\/p>\n","protected":false},"excerpt":{"rendered":"","protected":false},"author":1,"featured_media":0,"parent":0,"menu_order":0,"comment_status":"closed","ping_status":"closed","template":"","meta":[],"_links":{"self":[{"href":"https:\/\/galoppoktatas.kincsempark.hu\/index.php?rest_route=\/wp\/v2\/pages\/108"}],"collection":[{"href":"https:\/\/galoppoktatas.kincsempark.hu\/index.php?rest_route=\/wp\/v2\/pages"}],"about":[{"href":"https:\/\/galoppoktatas.kincsempark.hu\/index.php?rest_route=\/wp\/v2\/types\/page"}],"author":[{"embeddable":true,"href":"https:\/\/galoppoktatas.kincsempark.hu\/index.php?rest_route=\/wp\/v2\/users\/1"}],"replies":[{"embeddable":true,"href":"https:\/\/galoppoktatas.kincsempark.hu\/index.php?rest_route=%2Fwp%2Fv2%2Fcomments&post=108"}],"version-history":[{"count":2,"href":"https:\/\/galoppoktatas.kincsempark.hu\/index.php?rest_route=\/wp\/v2\/pages\/108\/revisions"}],"predecessor-version":[{"id":110,"href":"https:\/\/galoppoktatas.kincsempark.hu\/index.php?rest_route=\/wp\/v2\/pages\/108\/revisions\/110"}],"wp:attachment":[{"href":"https:\/\/galoppoktatas.kincsempark.hu\/index.php?rest_route=%2Fwp%2Fv2%2Fmedia&parent=108"}],"curies":[{"name":"wp","href":"https:\/\/api.w.org\/{rel}","templated":true}]}}