{"id":39,"date":"2024-01-15T17:42:39","date_gmt":"2024-01-15T17:42:39","guid":{"rendered":"http:\/\/galopp_gvsz.kincsempark.hu\/?page_id=39"},"modified":"2024-03-04T15:29:12","modified_gmt":"2024-03-04T15:29:12","slug":"oktatasi-anyagok","status":"publish","type":"page","link":"https:\/\/galoppoktatas.kincsempark.hu\/?page_id=39","title":{"rendered":"Oktat\u00e1si anyagok"},"content":{"rendered":"\n<ul><li><a href=\"https:\/\/galoppoktatas.kincsempark.hu\/?page_id=76\">Galopp verseny szab\u00e1lyzat<\/a><\/li><li><a href=\"https:\/\/galoppoktatas.kincsempark.hu\/?page_id=81\">Dopping a l\u00f3versenyben<\/a><\/li><li><a href=\"https:\/\/galoppoktatas.kincsempark.hu\/?page_id=84\">Sport\u00e9lettan edz\u00e9selm\u00e9let<\/a><\/li><li><a href=\"https:\/\/galoppoktatas.kincsempark.hu\/?page_id=89\">Hendikeppel\u00e9s<\/a><\/li><li><a href=\"https:\/\/galoppoktatas.kincsempark.hu\/?page_id=92\">Ortop\u00e9dia<\/a><\/li><li><a href=\"https:\/\/galoppoktatas.kincsempark.hu\/?page_id=97\">Versenytechnika<\/a><\/li><li><a href=\"https:\/\/galoppoktatas.kincsempark.hu\/?page_id=108\">Adminisztr\u00e1ci\u00f3, l\u00f3\u00fatlev\u00e9l-kezel\u00e9s<\/a><\/li><li><a href=\"https:\/\/galoppoktatas.kincsempark.hu\/?page_id=113\">Versenylovak takarm\u00e1nyoz\u00e1sa<\/a><\/li><li><a rel=\"noopener\" href=\"http:\/\/galoppoktatas.kincsempark.hu\/wp-content\/uploads\/2024\/02\/santasag.pptx\" target=\"_blank\">S\u00e1ntas\u00e1g<\/a><\/li><\/ul>\n\n\n\n<p><\/p>\n","protected":false},"excerpt":{"rendered":"<p>Galopp verseny szab\u00e1lyzat Dopping a l\u00f3versenyben Sport\u00e9lettan edz\u00e9selm\u00e9let Hendikeppel\u00e9s Ortop\u00e9dia Versenytechnika Adminisztr\u00e1ci\u00f3, l\u00f3\u00fatlev\u00e9l-kezel\u00e9s Versenylovak takarm\u00e1nyoz\u00e1sa S\u00e1ntas\u00e1g<\/p>\n","protected":false},"author":1,"featured_media":0,"parent":0,"menu_order":0,"comment_status":"closed","ping_status":"closed","template":"","meta":[],"_links":{"self":[{"href":"https:\/\/galoppoktatas.kincsempark.hu\/index.php?rest_route=\/wp\/v2\/pages\/39"}],"collection":[{"href":"https:\/\/galoppoktatas.kincsempark.hu\/index.php?rest_route=\/wp\/v2\/pages"}],"about":[{"href":"https:\/\/galoppoktatas.kincsempark.hu\/index.php?rest_route=\/wp\/v2\/types\/page"}],"author":[{"embeddable":true,"href":"https:\/\/galoppoktatas.kincsempark.hu\/index.php?rest_route=\/wp\/v2\/users\/1"}],"replies":[{"embeddable":true,"href":"https:\/\/galoppoktatas.kincsempark.hu\/index.php?rest_route=%2Fwp%2Fv2%2Fcomments&post=39"}],"version-history":[{"count":14,"href":"https:\/\/galoppoktatas.kincsempark.hu\/index.php?rest_route=\/wp\/v2\/pages\/39\/revisions"}],"predecessor-version":[{"id":143,"href":"https:\/\/galoppoktatas.kincsempark.hu\/index.php?rest_route=\/wp\/v2\/pages\/39\/revisions\/143"}],"wp:attachment":[{"href":"https:\/\/galoppoktatas.kincsempark.hu\/index.php?rest_route=%2Fwp%2Fv2%2Fmedia&parent=39"}],"curies":[{"name":"wp","href":"https:\/\/api.w.org\/{rel}","templated":true}]}}