{"id":84,"date":"2024-02-20T17:28:47","date_gmt":"2024-02-20T17:28:47","guid":{"rendered":"https:\/\/galoppoktatas.kincsempark.hu\/?page_id=84"},"modified":"2024-02-20T17:28:50","modified_gmt":"2024-02-20T17:28:50","slug":"sportelettan-edzeselmelet","status":"publish","type":"page","link":"https:\/\/galoppoktatas.kincsempark.hu\/?page_id=84","title":{"rendered":"Sport\u00e9lettan edz\u00e9selm\u00e9let"},"content":{"rendered":"<a href=\"https:\/\/galoppoktatas.kincsempark.hu\/wp-content\/uploads\/2024\/02\/sportelettan_edzeselmelet.pdf\" class=\"pdfemb-viewer\" style=\"\" data-width=\"max\" data-height=\"max\"  data-toolbar=\"bottom\" data-toolbar-fixed=\"off\">sportelettan_edzeselmelet<br\/><\/a>\n<p class=\"wp-block-pdfemb-pdf-embedder-viewer\"><\/p>\n","protected":false},"excerpt":{"rendered":"","protected":false},"author":1,"featured_media":0,"parent":0,"menu_order":0,"comment_status":"closed","ping_status":"closed","template":"","meta":[],"_links":{"self":[{"href":"https:\/\/galoppoktatas.kincsempark.hu\/index.php?rest_route=\/wp\/v2\/pages\/84"}],"collection":[{"href":"https:\/\/galoppoktatas.kincsempark.hu\/index.php?rest_route=\/wp\/v2\/pages"}],"about":[{"href":"https:\/\/galoppoktatas.kincsempark.hu\/index.php?rest_route=\/wp\/v2\/types\/page"}],"author":[{"embeddable":true,"href":"https:\/\/galoppoktatas.kincsempark.hu\/index.php?rest_route=\/wp\/v2\/users\/1"}],"replies":[{"embeddable":true,"href":"https:\/\/galoppoktatas.kincsempark.hu\/index.php?rest_route=%2Fwp%2Fv2%2Fcomments&post=84"}],"version-history":[{"count":1,"href":"https:\/\/galoppoktatas.kincsempark.hu\/index.php?rest_route=\/wp\/v2\/pages\/84\/revisions"}],"predecessor-version":[{"id":85,"href":"https:\/\/galoppoktatas.kincsempark.hu\/index.php?rest_route=\/wp\/v2\/pages\/84\/revisions\/85"}],"wp:attachment":[{"href":"https:\/\/galoppoktatas.kincsempark.hu\/index.php?rest_route=%2Fwp%2Fv2%2Fmedia&parent=84"}],"curies":[{"name":"wp","href":"https:\/\/api.w.org\/{rel}","templated":true}]}}