{"id":9,"date":"2024-01-11T13:09:25","date_gmt":"2024-01-11T13:09:25","guid":{"rendered":"http:\/\/galopp_gvsz.kincsempark.hu\/?page_id=9"},"modified":"2026-03-12T10:56:12","modified_gmt":"2026-03-12T10:56:12","slug":"bevezeto","status":"publish","type":"page","link":"https:\/\/galoppoktatas.kincsempark.hu\/","title":{"rendered":"Home"},"content":{"rendered":"\n<p class=\"has-large-font-size\">Galopp gyakorl\u00f3\/vizsgafel\u00fclet bemutat\u00e1sa<\/p>\n\n\n\n<p>A Kincsem Nemzeti Kft. a Kincsem Parkban az al\u00e1bbi id\u0151pontokban tart ingyenes szakmai tov\u00e1bbk\u00e9pz\u00e9st:<\/p>\n\n\n\n<p>2026. m\u00e1rcius 11. (szerda) \u2013 13:00, Alag Zsok\u00e9iskola tanterem &#8211; Lovasok fizikai \u00e1ll\u00f3k\u00e9pess\u00e9g felm\u00e9r\u00e9se.<\/p>\n\n\n\n<p>\u2013 melyek sz\u00fcks\u00e9gesek a 2026-ben m\u0171k\u00f6d\u00e9si enged\u00e9lyt k\u00e9r\u0151 idom\u00e1r \u00e9s versenylovas (hivat\u00e1sos \u00e9s amat\u0151r) sportt\u00e1rsak sz\u00e1m\u00e1ra.<\/p>\n\n\n\n<p>A vizsgaid\u0151szak v\u00e9g\u00e9ig h\u00e1tral\u00e9v\u0151 id\u0151:<\/p>\n\n\n\n<strong><p id=\"demo\" class=\"has-text-align-center has-text-color has-medium-font-size\"><\/p><\/strong>\n\n<script>\n\/\/ Set the date we're counting down to\nvar countDownDate = new Date(\"Mar, 17, 2026 23:59:59\").getTime();\n\n\/\/ Update the count down every 1 second\nvar x = setInterval(function() {\n\n  \/\/ Get today's date and time\n  var now = new Date().getTime();\n    \n  \/\/ Find the distance between now and the count down date\n  var distance = countDownDate - now;\n    \n  \/\/ Time calculations for days, hours, minutes and seconds\n  var days = Math.floor(distance \/ (1000 * 60 * 60 * 24));\n  var hours = Math.floor((distance % (1000 * 60 * 60 * 24)) \/ (1000 * 60 * 60));\n  var minutes = Math.floor((distance % (1000 * 60 * 60)) \/ (1000 * 60));\n  var seconds = Math.floor((distance % (1000 * 60)) \/ 1000);\n    \n  \/\/ Output the result in an element with id=\"demo\"\n  document.getElementById(\"demo\").innerHTML = days + \" nap \" + hours + \" \u00f3ra \" + minutes + \" perc \" + seconds + \"mp\"\n;\n    \n  \/\/ If the count down is over, write some text \n  if (distance < 0) {\n    clearInterval(x);\n    document.getElementById(\"demo\").innerHTML = \"A vizsgaid\u0151szak kezdet\u00e9ig h\u00e1tralev\u0151 id\u0151: \";\n  }\n}, 1000);\n<\/script>\n\n\n\n<p>A tov\u00e1bbk\u00e9pz\u00e9s ut\u00e1n a vizsg\u00e1hoz regisztr\u00e1ci\u00f3 sz\u00fcks\u00e9ges, vizsg\u00e1zni kiz\u00e1r\u00f3lag a megadott id\u0151szakban lehet. A sikeres vizsga el\u0151felt\u00e9tele legal\u00e1bb 2 megjelen\u00e9s a tanfolyamon. A bel\u00e9p\u00e9shez a tavalyi regisztr\u00e1ci\u00f3 felhaszn\u00e1lhat\u00f3. Amennyiben a bel\u00e9p\u00e9si jelsz\u00f3 nem ismert a jelsz\u00f3eml\u00e9keztet\u0151 \u0171rlap seg\u00edts\u00e9g\u00e9vel \u00faj jelsz\u00f3 ig\u00e9nyelhet\u0151, vagy \u00faj regisztr\u00e1ci\u00f3 is k\u00e9sz\u00edthet\u0151. &nbsp;(online vizsgaid\u0151szak: 2026. m\u00e1rcius 10-18.). A&nbsp;vizsga men\u00fcpont kiz\u00e1r\u00f3lag a vizsgaid\u0151szakban \u00e9rhet\u0151 el. Sikertelen vizsga eset\u00e9n a vizsga megism\u00e9telhet\u0151. A vizsga felt\u00e9tele az oktat\u00e1son val\u00f3 megjelen\u00e9s, melyet a regisztr\u00e1ci\u00f3t k\u00f6vet\u0151en vizsg\u00e1lunk.<\/p>\n\n\n\n<p class=\"has-text-align-center\"><strong><em>Mobilon, \u00e9s tableten k\u00e9rj\u00fck fektetett n\u00e9zetet v\u00e1lasszon!<\/em><\/strong><\/p>\n\n\n\n<p>A vizsgafel\u00fcletre val\u00f3 bel\u00e9p\u00e9st k\u00f6vet\u0151en a teszt a vizsga f\u00fclre kattintva \u00e9rhet\u0151 el. Amennyiben a vizsga nem siker\u00fclt, k\u00e9rj\u00fck, jelentkezzen ki, \u00e9s az \u00fajabb bel\u00e9p\u00e9st k\u00f6vet\u0151en k\u00eds\u00e9relje meg teljes\u00edteni a vizsg\u00e1t.&nbsp;<\/p>\n\n\n\n<p>A vizsga 15 k\u00e9rd\u00e9sb\u0151l \u00e1ll, mely k\u00e9rd\u00e9sek megv\u00e1laszol\u00e1s\u00e1ra 45 percet biztos\u00edtunk \u00e9s 60%-os eredm\u00e9nyt kell el\u00e9rni.<br>Jelen oldal a galopp m\u0171k\u00f6d\u00e9si enged\u00e9lyt ig\u00e9nyl\u0151k sz\u00e1m\u00e1ra k\u00e9sz\u00fclt. A gyakorl\u00e1s men\u00fcpont lehet\u0151s\u00e9get biztos\u00edt a vizsg\u00e1ra t\u00f6rt\u00e9n\u0151 felk\u00e9sz\u00fcl\u00e9sre (online gyakorl\u00e1si lehet\u0151s\u00e9g: 2026. m\u00e1rcius 9-18.), a vizsgalapok az itt megjelen\u0151 k\u00e9rd\u00e9sekb\u0151l \u00e1llnak \u00f6ssze. Sikeres vizsga eset\u00e9n a vizsg\u00e1ba visszal\u00e9pve el\u00e9rhet\u0151 az elk\u00e9sz\u00fclt oklev\u00e9l.<\/p>\n\n\n\n<p>J\u00f3 felk\u00e9sz\u00fcl\u00e9st \u00e9s sikeres vizsg\u00e1z\u00e1st k\u00edv\u00e1nunk!<\/p>\n\n\n\n<p>Kincsem Nemzeti Kft.<br>Kincsem Park<\/p>\n\n\n\n<figure class=\"wp-block-image size-full\"><center><img loading=\"lazy\" width=\"1024\" height=\"682\" src=\"http:\/\/galopp_gvsz.kincsempark.hu\/wp-content\/uploads\/2024\/01\/KOG_6052-1024x682-1.jpg\" alt=\"\" class=\"wp-image-8\" srcset=\"https:\/\/galoppoktatas.kincsempark.hu\/wp-content\/uploads\/2024\/01\/KOG_6052-1024x682-1.jpg 1024w, https:\/\/galoppoktatas.kincsempark.hu\/wp-content\/uploads\/2024\/01\/KOG_6052-1024x682-1-300x200.jpg 300w, https:\/\/galoppoktatas.kincsempark.hu\/wp-content\/uploads\/2024\/01\/KOG_6052-1024x682-1-768x512.jpg 768w\" sizes=\"(max-width: 1024px) 100vw, 1024px\" \/><\/center><\/figure>\n","protected":false},"excerpt":{"rendered":"<p>Galopp gyakorl\u00f3\/vizsgafel\u00fclet bemutat\u00e1sa A Kincsem Nemzeti Kft. a Kincsem Parkban az al\u00e1bbi id\u0151pontokban tart ingyenes szakmai tov\u00e1bbk\u00e9pz\u00e9st: 2026. m\u00e1rcius 11. (szerda) \u2013 13:00, Alag Zsok\u00e9iskola tanterem &#8211; Lovasok fizikai \u00e1ll\u00f3k\u00e9pess\u00e9g felm\u00e9r\u00e9se. \u2013 melyek sz\u00fcks\u00e9gesek a 2026-ben m\u0171k\u00f6d\u00e9si enged\u00e9lyt k\u00e9r\u0151 idom\u00e1r \u00e9s versenylovas (hivat\u00e1sos \u00e9s amat\u0151r) sportt\u00e1rsak sz\u00e1m\u00e1ra. A vizsgaid\u0151szak v\u00e9g\u00e9ig h\u00e1tral\u00e9v\u0151 id\u0151: A tov\u00e1bbk\u00e9pz\u00e9s ut\u00e1n &#8230; <a title=\"Home\" class=\"read-more\" href=\"https:\/\/galoppoktatas.kincsempark.hu\/\" aria-label=\"More on Home\">Read more<\/a><\/p>\n","protected":false},"author":1,"featured_media":0,"parent":0,"menu_order":0,"comment_status":"closed","ping_status":"closed","template":"","meta":[],"_links":{"self":[{"href":"https:\/\/galoppoktatas.kincsempark.hu\/index.php?rest_route=\/wp\/v2\/pages\/9"}],"collection":[{"href":"https:\/\/galoppoktatas.kincsempark.hu\/index.php?rest_route=\/wp\/v2\/pages"}],"about":[{"href":"https:\/\/galoppoktatas.kincsempark.hu\/index.php?rest_route=\/wp\/v2\/types\/page"}],"author":[{"embeddable":true,"href":"https:\/\/galoppoktatas.kincsempark.hu\/index.php?rest_route=\/wp\/v2\/users\/1"}],"replies":[{"embeddable":true,"href":"https:\/\/galoppoktatas.kincsempark.hu\/index.php?rest_route=%2Fwp%2Fv2%2Fcomments&post=9"}],"version-history":[{"count":26,"href":"https:\/\/galoppoktatas.kincsempark.hu\/index.php?rest_route=\/wp\/v2\/pages\/9\/revisions"}],"predecessor-version":[{"id":188,"href":"https:\/\/galoppoktatas.kincsempark.hu\/index.php?rest_route=\/wp\/v2\/pages\/9\/revisions\/188"}],"wp:attachment":[{"href":"https:\/\/galoppoktatas.kincsempark.hu\/index.php?rest_route=%2Fwp%2Fv2%2Fmedia&parent=9"}],"curies":[{"name":"wp","href":"https:\/\/api.w.org\/{rel}","templated":true}]}}